{"id":7520,"date":"2023-11-18T14:40:29","date_gmt":"2023-11-18T14:40:29","guid":{"rendered":"https:\/\/smellwellbelgium.be\/hoe-wascapsules\/"},"modified":"2025-08-09T12:22:48","modified_gmt":"2025-08-09T12:22:48","slug":"hoe-wascapsules","status":"publish","type":"page","link":"https:\/\/smellwellbelgium.be\/nl\/hoe-wascapsules\/","title":{"rendered":"Hoe (Wascapsules)"},"content":{"rendered":"\t\t<div data-elementor-type=\"wp-page\" data-elementor-id=\"7520\" class=\"elementor elementor-7520 elementor-4711\">\n\t\t\t\t<div class=\"elementor-element elementor-element-d51f163 e-flex e-con-boxed e-con e-parent\" data-id=\"d51f163\" data-element_type=\"container\">\n\t\t\t\t\t<div class=\"e-con-inner\">\n\t\t<div class=\"elementor-element elementor-element-4c16ad2 e-con-full e-flex e-con e-child\" data-id=\"4c16ad2\" data-element_type=\"container\">\n\t\t\t\t<div class=\"elementor-element elementor-element-c01316c elementor-widget elementor-widget-image\" data-id=\"c01316c\" data-element_type=\"widget\" data-widget_type=\"image.default\">\n\t\t\t\t<div class=\"elementor-widget-container\">\n\t\t\t\t\t\t\t\t\t\t\t\t\t\t\t<img decoding=\"async\" src=\"https:\/\/www.youtube.com\/watch?v=W3R-adQjjhM\" title=\"\" alt=\"\" loading=\"lazy\" \/>\t\t\t\t\t\t\t\t\t\t\t\t\t\t\t<\/div>\n\t\t\t\t<\/div>\n\t\t\t\t<\/div>\n\t\t<div class=\"elementor-element elementor-element-95498c6 e-con-full e-flex e-con e-child\" data-id=\"95498c6\" data-element_type=\"container\">\n\t\t\t\t<div class=\"elementor-element elementor-element-890fa00 elementor-widget elementor-widget-text-editor\" data-id=\"890fa00\" data-element_type=\"widget\" data-widget_type=\"text-editor.default\">\n\t\t\t\t<div class=\"elementor-widget-container\">\n\t\t\t\t\t\t\t\t\t<p><strong>WASCAPSULES GEURWELL VOOR SPORTKLEDING<\/strong><\/p><p>KLEDING IS GE\u00cbVOLUEERD, WASSEN NIET &#8211; TOT NU. ZO WERKT HET: <br><br>Tegenwoordig bevat 60% van alle kleding synthetisch en hightech textiel. Maar de meeste wasmiddelen zijn gebaseerd op een 50 jaar oude formule die niet ontworpen is om zweet en bacteri\u00ebn van synthetische stoffen te verwijderen. <\/p><p>Daarom kan je pas gewassen T-shirt al na een paar minuten naar zweet ruiken. Hier leggen we uit hoe ons sportkledingwasmiddel werkt en wat het uniek maakt. <\/p>\t\t\t\t\t\t\t\t<\/div>\n\t\t\t\t<\/div>\n\t\t\t\t<\/div>\n\t\t\t\t\t<\/div>\n\t\t\t\t<\/div>\n\t\t<div class=\"elementor-element elementor-element-59ca630 e-flex e-con-boxed e-con e-parent\" data-id=\"59ca630\" data-element_type=\"container\">\n\t\t\t\t\t<div class=\"e-con-inner\">\n\t\t<div class=\"elementor-element elementor-element-4fea827 e-con-full e-flex e-con e-child\" data-id=\"4fea827\" data-element_type=\"container\">\n\t\t<div class=\"elementor-element elementor-element-53dedeb e-con-full e-flex e-con e-child\" data-id=\"53dedeb\" data-element_type=\"container\">\n\t\t\t\t<div class=\"elementor-element elementor-element-7766b1e elementor-widget elementor-widget-heading\" data-id=\"7766b1e\" data-element_type=\"widget\" data-widget_type=\"heading.default\">\n\t\t\t\t<div class=\"elementor-widget-container\">\n\t\t\t\t\t<h3 class=\"elementor-heading-title elementor-size-default\">EEN KRACHTIGE GEUR- EN VOCHTABSORBER.<\/h3>\t\t\t\t<\/div>\n\t\t\t\t<\/div>\n\t\t\t\t<div class=\"elementor-element elementor-element-fb3c15c elementor-widget elementor-widget-text-editor\" data-id=\"fb3c15c\" data-element_type=\"widget\" data-widget_type=\"text-editor.default\">\n\t\t\t\t<div class=\"elementor-widget-container\">\n\t\t\t\t\t\t\t\t\t<p>Als je aan kleding ruikt, ruik je eigenlijk de bacteri\u00ebn die zich voeden met de oli\u00ebn en resten op je huid. Synthetische stoffen zijn hydrofoob en houden oli\u00ebn en vetten vast in de vezels. Normale wasmiddelen kunnen niet door de strakke, hydrofobe stoffen van tegenwoordig dringen en zweet, bacteri\u00ebn en geurtjes verwijderen. Als je het niet goed schoonmaakt, zal de opeenhoping van zweet en bacteri\u00ebn resulteren in een geur die niet te verwijderen is en de prestaties van je kleding zullen aanzienlijk afnemen.   <\/p>\t\t\t\t\t\t\t\t<\/div>\n\t\t\t\t<\/div>\n\t\t\t\t<\/div>\n\t\t\t\t<\/div>\n\t\t<div class=\"elementor-element elementor-element-2db7587 e-con-full e-flex e-con e-child\" data-id=\"2db7587\" data-element_type=\"container\">\n\t\t\t\t<div class=\"elementor-element elementor-element-0cfe595 elementor-widget elementor-widget-image\" data-id=\"0cfe595\" data-element_type=\"widget\" data-widget_type=\"image.default\">\n\t\t\t\t<div class=\"elementor-widget-container\">\n\t\t\t\t\t\t\t\t\t\t\t\t\t\t\t<img fetchpriority=\"high\" decoding=\"async\" width=\"403\" height=\"450\" src=\"https:\/\/smellwellbelgium.be\/wp-content\/uploads\/2023\/11\/smellwellbelgium.be-lessive-1.webp\" class=\"attachment-large size-large wp-image-5500\" alt=\"\" srcset=\"https:\/\/smellwellbelgium.be\/wp-content\/uploads\/2023\/11\/smellwellbelgium.be-lessive-1.webp 403w, https:\/\/smellwellbelgium.be\/wp-content\/uploads\/2023\/11\/smellwellbelgium.be-lessive-1-269x300.webp 269w, https:\/\/smellwellbelgium.be\/wp-content\/uploads\/2023\/11\/smellwellbelgium.be-lessive-1-370x413.webp 370w\" sizes=\"(max-width: 403px) 100vw, 403px\" \/>\t\t\t\t\t\t\t\t\t\t\t\t\t\t\t<\/div>\n\t\t\t\t<\/div>\n\t\t\t\t<\/div>\n\t\t\t\t\t<\/div>\n\t\t\t\t<\/div>\n\t\t<div class=\"elementor-element elementor-element-d7557ac e-flex e-con-boxed e-con e-parent\" data-id=\"d7557ac\" data-element_type=\"container\">\n\t\t\t\t\t<div class=\"e-con-inner\">\n\t\t<div class=\"elementor-element elementor-element-f463141 e-con-full e-flex e-con e-child\" data-id=\"f463141\" data-element_type=\"container\">\n\t\t\t\t<div class=\"elementor-element elementor-element-9063c80 elementor-widget elementor-widget-image\" data-id=\"9063c80\" data-element_type=\"widget\" data-widget_type=\"image.default\">\n\t\t\t\t<div class=\"elementor-widget-container\">\n\t\t\t\t\t\t\t\t\t\t\t\t\t\t\t<img decoding=\"async\" width=\"486\" height=\"453\" src=\"https:\/\/smellwellbelgium.be\/wp-content\/uploads\/2023\/11\/smellwellbelgium.be-lessive-2.webp\" class=\"attachment-large size-large wp-image-5498\" alt=\"\" srcset=\"https:\/\/smellwellbelgium.be\/wp-content\/uploads\/2023\/11\/smellwellbelgium.be-lessive-2.webp 486w, https:\/\/smellwellbelgium.be\/wp-content\/uploads\/2023\/11\/smellwellbelgium.be-lessive-2-300x280.webp 300w, https:\/\/smellwellbelgium.be\/wp-content\/uploads\/2023\/11\/smellwellbelgium.be-lessive-2-370x345.webp 370w\" sizes=\"(max-width: 486px) 100vw, 486px\" \/>\t\t\t\t\t\t\t\t\t\t\t\t\t\t\t<\/div>\n\t\t\t\t<\/div>\n\t\t\t\t<\/div>\n\t\t<div class=\"elementor-element elementor-element-adbbcd1 e-con-full e-flex e-con e-child\" data-id=\"adbbcd1\" data-element_type=\"container\">\n\t\t<div class=\"elementor-element elementor-element-1952245 e-con-full e-flex e-con e-child\" data-id=\"1952245\" data-element_type=\"container\">\n\t\t\t\t<div class=\"elementor-element elementor-element-7f8f1ca elementor-widget elementor-widget-heading\" data-id=\"7f8f1ca\" data-element_type=\"widget\" data-widget_type=\"heading.default\">\n\t\t\t\t<div class=\"elementor-widget-container\">\n\t\t\t\t\t<h3 class=\"elementor-heading-title elementor-size-default\"><span class=\"sc-gIBqdA cTQXtN pf-22_\" data-pf-type=\"Dropcap\">KRACHTIGE REINIGING SPECIAAL ONTWIKKELD VOOR SPORTKLEDING<\/span><\/h3>\t\t\t\t<\/div>\n\t\t\t\t<\/div>\n\t\t\t\t<div class=\"elementor-element elementor-element-6786b84 elementor-widget elementor-widget-text-editor\" data-id=\"6786b84\" data-element_type=\"widget\" data-widget_type=\"text-editor.default\">\n\t\t\t\t<div class=\"elementor-widget-container\">\n\t\t\t\t\t\t\t\t\t<p>SmellWell wasmiddel voor sportkleding verwijdert onaangename geurtjes, hardnekkige vlekken, oli\u00ebn, vetten en bacteri\u00ebn bij de bron. Smellwell sportkledingwasmiddel beschermt stoffen tegen geurtjes en andere schade zoals pilling, verlies van elasticiteit en verminderde vochtafvoer. Door je stoffen te beschermen, bescherm je je kleding en kun je je favoriete kledingstukken jarenlang blijven dragen. Je spullen ruiken niet alleen lekker, ze werken ook beter. Omdat het beter werkt en beter ruikt, kun je het langer bewaren.    <\/p>\t\t\t\t\t\t\t\t<\/div>\n\t\t\t\t<\/div>\n\t\t\t\t<\/div>\n\t\t\t\t<\/div>\n\t\t\t\t\t<\/div>\n\t\t\t\t<\/div>\n\t\t<div class=\"elementor-element elementor-element-7841d8b e-flex e-con-boxed e-con e-parent\" data-id=\"7841d8b\" data-element_type=\"container\">\n\t\t\t\t\t<div class=\"e-con-inner\">\n\t\t<div class=\"elementor-element elementor-element-4181b46 e-con-full e-flex e-con e-child\" data-id=\"4181b46\" data-element_type=\"container\">\n\t\t<div class=\"elementor-element elementor-element-0435afa e-con-full e-flex e-con e-child\" data-id=\"0435afa\" data-element_type=\"container\">\n\t\t\t\t<div class=\"elementor-element elementor-element-d1086f1 elementor-widget elementor-widget-heading\" data-id=\"d1086f1\" data-element_type=\"widget\" data-widget_type=\"heading.default\">\n\t\t\t\t<div class=\"elementor-widget-container\">\n\t\t\t\t\t<h3 class=\"elementor-heading-title elementor-size-default\"><span class=\"sc-gIBqdA cTQXtN pf-28_\" data-pf-type=\"Dropcap\">WE GEVEN OM ONZE PLANEET EN STREVEN NAAR EEN MINIMALE ECOLOGISCHE VOETAFDRUK<\/span><\/h3>\t\t\t\t<\/div>\n\t\t\t\t<\/div>\n\t\t\t\t<div class=\"elementor-element elementor-element-cf31175 elementor-widget elementor-widget-text-editor\" data-id=\"cf31175\" data-element_type=\"widget\" data-widget_type=\"text-editor.default\">\n\t\t\t\t<div class=\"elementor-widget-container\">\n\t\t\t\t\t\t\t\t\t<div class=\"pf-c\"><div class=\"sc-dwsnSq hOxMdX pf-26_\" data-pf-type=\"Column\"><br><p>Geconcentreerde waspads bevatten 30% minder water dan vloeibare wasmiddelen, waardoor de productie en het transport minder belastend zijn voor het milieu. SmellWell Capsules zijn vooraf afgemeten voor een precieze wasbeurt elke keer, waardoor het risico op overdosering van wasmiddel en schade aan de planeet wordt geminimaliseerd. SmellWell Capsule is de eerste in zijn soort met het Nordic Swan ecolabel, dat voldoet aan de strengste milieu- en gezondheidseisen. De capsules en het wasmiddel zijn uiteindelijk biologisch afbreekbaar en de verpakking is gemaakt van gerecycled plastic.   <\/p><\/div><\/div><div class=\"pf-c\"> <\/div>\t\t\t\t\t\t\t\t<\/div>\n\t\t\t\t<\/div>\n\t\t\t\t<\/div>\n\t\t\t\t<\/div>\n\t\t<div class=\"elementor-element elementor-element-a1f35ce e-con-full e-flex e-con e-child\" data-id=\"a1f35ce\" data-element_type=\"container\">\n\t\t\t\t<div class=\"elementor-element elementor-element-ed1a9cd elementor-widget elementor-widget-image\" data-id=\"ed1a9cd\" data-element_type=\"widget\" data-widget_type=\"image.default\">\n\t\t\t\t<div class=\"elementor-widget-container\">\n\t\t\t\t\t\t\t\t\t\t\t\t\t\t\t<img decoding=\"async\" width=\"800\" height=\"531\" src=\"https:\/\/smellwellbelgium.be\/wp-content\/uploads\/2023\/11\/smellwellbelgium.be-climate-neutral.webp\" class=\"attachment-large size-large wp-image-5490\" alt=\"\" srcset=\"https:\/\/smellwellbelgium.be\/wp-content\/uploads\/2023\/11\/smellwellbelgium.be-climate-neutral.webp 800w, https:\/\/smellwellbelgium.be\/wp-content\/uploads\/2023\/11\/smellwellbelgium.be-climate-neutral-300x199.webp 300w, https:\/\/smellwellbelgium.be\/wp-content\/uploads\/2023\/11\/smellwellbelgium.be-climate-neutral-768x510.webp 768w, https:\/\/smellwellbelgium.be\/wp-content\/uploads\/2023\/11\/smellwellbelgium.be-climate-neutral-370x246.webp 370w, https:\/\/smellwellbelgium.be\/wp-content\/uploads\/2023\/11\/smellwellbelgium.be-climate-neutral-600x398.webp 600w\" sizes=\"(max-width: 800px) 100vw, 800px\" \/>\t\t\t\t\t\t\t\t\t\t\t\t\t\t\t<\/div>\n\t\t\t\t<\/div>\n\t\t\t\t<\/div>\n\t\t\t\t\t<\/div>\n\t\t\t\t<\/div>\n\t\t<div class=\"elementor-element elementor-element-e40f95c e-flex e-con-boxed e-con e-parent\" data-id=\"e40f95c\" data-element_type=\"container\">\n\t\t\t\t\t<div class=\"e-con-inner\">\n\t\t\t\t<div class=\"elementor-element elementor-element-eba3f92 elementor-widget elementor-widget-image\" data-id=\"eba3f92\" data-element_type=\"widget\" data-widget_type=\"image.default\">\n\t\t\t\t<div class=\"elementor-widget-container\">\n\t\t\t\t\t\t\t\t\t\t\t\t\t\t\t<img loading=\"lazy\" decoding=\"async\" width=\"351\" height=\"434\" src=\"https:\/\/smellwellbelgium.be\/wp-content\/uploads\/2023\/11\/smellwbpicto3-laundry-capsules.png\" class=\"attachment-large size-large wp-image-5538\" alt=\"\" srcset=\"https:\/\/smellwellbelgium.be\/wp-content\/uploads\/2023\/11\/smellwbpicto3-laundry-capsules.png 351w, https:\/\/smellwellbelgium.be\/wp-content\/uploads\/2023\/11\/smellwbpicto3-laundry-capsules-243x300.png 243w\" sizes=\"(max-width: 351px) 100vw, 351px\" \/>\t\t\t\t\t\t\t\t\t\t\t\t\t\t\t<\/div>\n\t\t\t\t<\/div>\n\t\t\t\t\t<\/div>\n\t\t\t\t<\/div>\n\t\t\t\t<\/div>\n\t\t","protected":false},"excerpt":{"rendered":"<p>WASCAPSULES GEURWELL VOOR SPORTKLEDING KLEDING IS GE\u00cbVOLUEERD, WASSEN NIET &#8211; TOT NU. ZO WERKT HET: Tegenwoordig bevat 60% van alle kleding synthetisch en hightech textiel. Maar de meeste wasmiddelen zijn gebaseerd op een 50 jaar oude formule die niet ontworpen is om zweet en bacteri\u00ebn van synthetische stoffen te verwijderen. Daarom kan je pas gewassen&hellip;<\/p>\n","protected":false},"author":1,"featured_media":0,"parent":0,"menu_order":0,"comment_status":"closed","ping_status":"closed","template":"","meta":{"footnotes":""},"class_list":["post-7520","page","type-page","status-publish","hentry"],"_links":{"self":[{"href":"https:\/\/smellwellbelgium.be\/nl\/wp-json\/wp\/v2\/pages\/7520","targetHints":{"allow":["GET"]}}],"collection":[{"href":"https:\/\/smellwellbelgium.be\/nl\/wp-json\/wp\/v2\/pages"}],"about":[{"href":"https:\/\/smellwellbelgium.be\/nl\/wp-json\/wp\/v2\/types\/page"}],"author":[{"embeddable":true,"href":"https:\/\/smellwellbelgium.be\/nl\/wp-json\/wp\/v2\/users\/1"}],"replies":[{"embeddable":true,"href":"https:\/\/smellwellbelgium.be\/nl\/wp-json\/wp\/v2\/comments?post=7520"}],"version-history":[{"count":1,"href":"https:\/\/smellwellbelgium.be\/nl\/wp-json\/wp\/v2\/pages\/7520\/revisions"}],"predecessor-version":[{"id":7521,"href":"https:\/\/smellwellbelgium.be\/nl\/wp-json\/wp\/v2\/pages\/7520\/revisions\/7521"}],"wp:attachment":[{"href":"https:\/\/smellwellbelgium.be\/nl\/wp-json\/wp\/v2\/media?parent=7520"}],"curies":[{"name":"wp","href":"https:\/\/api.w.org\/{rel}","templated":true}]}}